{"id":12,"date":"2014-03-10T10:34:47","date_gmt":"2014-03-10T10:34:47","guid":{"rendered":"http:\/\/caputhersee.de\/content\/?page_id=12"},"modified":"2026-04-24T10:16:10","modified_gmt":"2026-04-24T09:16:10","slug":"untersuchungen","status":"publish","type":"page","link":"http:\/\/caputhersee.de\/content\/untersuchungen\/","title":{"rendered":"Untersuchungen"},"content":{"rendered":"<h2>Untersuchungen und Messungen zum Caputhersee<\/h2>\r\n<h2><a href=\"http:\/\/caputhersee.de\/content\/wp-content\/uploads\/2025\/02\/broschuere_271124.pdf\">Brosch\u00fcre Caputher See (2024)<\/a><\/h2>\r\n<h2><a href=\"http:\/\/caputhersee.de\/content\/wp-content\/uploads\/2022\/07\/Masterarbeit-Anna-Heller.pdf\">Masterarbeit Anna Heller (2022)<\/a><\/h2>\r\n<p><a href=\"http:\/\/caputhersee.de\/content\/wp-content\/uploads\/2014\/03\/Geplante-Vorgehensweise-Caputher-See.docx\">Untersuchungen N\u00e4hrstoffe Plankton Unterwasserpflanzen 2019<\/a><\/p>\r\n<p><a href=\"http:\/\/caputhersee.de\/content\/untersuchungen\/bericht2018_auszug_caputhersee\/\">Untersuchungen N\u00e4hrstoffe 2018<\/a><\/p>\r\n<p><a href=\"http:\/\/caputhersee.de\/content\/wp-content\/uploads\/2018\/12\/Caputher-See-2017_171218.pdf\">Untersuchungen N\u00e4hrstoffe Plankton 2017<\/a><\/p>\r\n<p><a href=\"http:\/\/caputhersee.de\/content\/wp-content\/uploads\/2014\/03\/Geplante-Vorgehensweise-Caputher-See.docx\">Geplante Vorgehensweise Caputhersee (2016)<\/a><\/p>\r\n<p><a href=\"http:\/\/caputhersee.de\/content\/wp-content\/uploads\/2016\/12\/Caputher-See-2016_161221_end.pdf\">Untersuchungen N\u00e4hrstoffe Plankton 2016_<\/a><\/p>\r\n<p><a href=\"http:\/\/caputhersee.de\/content\/wp-content\/uploads\/2016\/12\/Caputher-See-2015_ChemPlankton_160323_end.pdf\">Untersuchungen N\u00e4hrstoffe Plankton 2015_<\/a><\/p>\r\n<p><a href=\"http:\/\/caputhersee.de\/content\/wp-content\/uploads\/2016\/12\/LimPlan_Endbericht-2012_4-Seen-BB.pdf\">Untersuchungen N\u00e4hrstoffe 2014 (4 Seen)<\/a><\/p>\r\n<p><a href=\"http:\/\/caputhersee.de\/content\/a-pdf\/beschaffenheit-caputher-see-04-2013.pdf\" target=\"_blank\" rel=\"noopener noreferrer\">Artikel zur Gew\u00e4sserbeschaffenheit des Caputhersee`s (Download PDF)<\/a><\/p>\r\n<p><a href=\"http:\/\/caputhersee.de\/content\/untersuchungen\/diplom_rr_final\/\">Diplomarbeit zum Caputhersee<\/a><\/p>\r\n<p><a href=\"http:\/\/caputhersee.de\/content\/wp-content\/uploads\/2021\/04\/SikaMaka-Faenge-CS.xls\">\u00dcbersicht Silber- und Marmorkarpfenf\u00e4nge Caputher See<\/a><\/p>\r\n\r\n<p>&nbsp;<\/p>\r\n","protected":false},"excerpt":{"rendered":"<p>Untersuchungen und Messungen zum Caputhersee Brosch\u00fcre Caputher See (2024) Masterarbeit Anna Heller (2022) Untersuchungen N\u00e4hrstoffe Plankton Unterwasserpflanzen 2019 Untersuchungen N\u00e4hrstoffe 2018 Untersuchungen N\u00e4hrstoffe Plankton 2017 Geplante Vorgehensweise Caputhersee (2016) Untersuchungen N\u00e4hrstoffe Plankton 2016_ Untersuchungen N\u00e4hrstoffe Plankton 2015_ Untersuchungen N\u00e4hrstoffe 2014 (4 Seen) Artikel zur Gew\u00e4sserbeschaffenheit des Caputhersee`s (Download PDF) Diplomarbeit zum Caputhersee \u00dcbersicht Silber- und [&hellip;]<\/p>\n","protected":false},"author":1,"featured_media":0,"parent":0,"menu_order":0,"comment_status":"closed","ping_status":"closed","template":"","meta":{"footnotes":""},"class_list":["post-12","page","type-page","status-publish","hentry"],"_links":{"self":[{"href":"http:\/\/caputhersee.de\/content\/wp-json\/wp\/v2\/pages\/12","targetHints":{"allow":["GET"]}}],"collection":[{"href":"http:\/\/caputhersee.de\/content\/wp-json\/wp\/v2\/pages"}],"about":[{"href":"http:\/\/caputhersee.de\/content\/wp-json\/wp\/v2\/types\/page"}],"author":[{"embeddable":true,"href":"http:\/\/caputhersee.de\/content\/wp-json\/wp\/v2\/users\/1"}],"replies":[{"embeddable":true,"href":"http:\/\/caputhersee.de\/content\/wp-json\/wp\/v2\/comments?post=12"}],"version-history":[{"count":28,"href":"http:\/\/caputhersee.de\/content\/wp-json\/wp\/v2\/pages\/12\/revisions"}],"predecessor-version":[{"id":530,"href":"http:\/\/caputhersee.de\/content\/wp-json\/wp\/v2\/pages\/12\/revisions\/530"}],"wp:attachment":[{"href":"http:\/\/caputhersee.de\/content\/wp-json\/wp\/v2\/media?parent=12"}],"curies":[{"name":"wp","href":"https:\/\/api.w.org\/{rel}","templated":true}]}}