{"id":6,"date":"2014-03-10T10:34:13","date_gmt":"2014-03-10T10:34:13","guid":{"rendered":"http:\/\/caputhersee.de\/content\/?page_id=6"},"modified":"2026-04-23T09:28:15","modified_gmt":"2026-04-23T08:28:15","slug":"der-verein","status":"publish","type":"page","link":"http:\/\/caputhersee.de\/content\/der-verein\/","title":{"rendered":"Der Verein"},"content":{"rendered":"<h2>Unsere Ziele im Sinne der Vereinssatzung<\/h2>\n<ol>\n<li>Ziel ist der Erhalt des Sees f\u00fcr die Allgemeinheit, d.h. Sicherung des Caputher Sees und der Wege um den See als \u00f6ffentliches Eigentum. Wir wollen jede Art von Privatisierung der zug\u00e4nglichen Bereiche und der Seefl\u00e4che verhindern<\/li>\n<li>Der Verein setzt sich f\u00fcr eine Verbesserung der Wasserqualit\u00e4t des Caputher Sees ein. Die Sammlung und Dokumentation von Daten und Informationen zum Zustand des Sees soll Grundlage daf\u00fcr sein, Vorschl\u00e4ge f\u00fcr die Sicherung und Verbesserung des Gew\u00e4sserzustandes zu machen.<\/li>\n<li>Zweck des Vereins ist weiterhin die F\u00f6rderung des Naturschutzes und der Landschaftspflege im Sinne einschl\u00e4gigen Landes- und Bundesgesetze. Wir setzen uns f\u00fcr eine naturvertr\u00e4gliche \u00f6ffentliche Gew\u00e4ssernutzung ein.<\/li>\n<li>Um diese Ziele zu erreichen, bedarf es vieler Ma\u00dfnahmen und Aktivit\u00e4ten. Wir wollen diese Ma\u00dfnahmen fachlich begleiten und koordinieren bzw. auch selbst federf\u00fchrend durchf\u00fchren.<\/li>\n<li>Bestandteil unserer Arbeit ist die Kooperation mit Beh\u00f6rden und Institutionen, insbesondere mit der Gemeinde Schwielowsee.<\/li>\n<li>Wir wollen \u00fcber unsere Arbeit und Ergebnisse (z.B. auf dieser Webseite) berichten und auch andere Ma\u00dfnahmen der \u00d6ffentlichkeitsarbeit betreiben.<\/li>\n<\/ol>\n<h2>Der Vorstand<\/h2>\n<p>1. Vorsitzende: Brunhild Glockemann\u00a0 \u00a02. Vorsitzender: Matthias Pl\u00f6chl\u00a0 \u00a0Schatzmeisterin: Carola Schade<\/p>\n<p>Bisheriger Vorstand (bis 27. M\u00e4rz 2026):<br \/>\n1. Vorsitzender : Frank Pl\u00fccken | 2. Vorsitzender : J\u00fcrgen Scheidereiter | Schatzmeisterin : Carola Schade<\/p>\n<p>Weitere Gr\u00fcndungsmitglieder: Carsten Bastian, Bettina Schmidt, Claudia und Ralf-Arno Beuster, Kathrin und Holger Teichmann, Viola und Hartmut G\u00f6litz, Thomas Dallorso, Andreas Heller, J\u00f6rg Kunze.<\/p>\n<h2>Amtliche Dokumente<\/h2>\n<p>Der Verein Caputher See e.V. ist beim Amtsgericht Potsdam am 10.09.2010 unter dem Aktenzeichen VR 7617 P mit der laufenden Nummer 1 registriert.<\/p>\n<p><a href=\"http:\/\/caputhersee.de\/content\/a-pdf\/satzung.pdf\" target=\"_blank\" rel=\"noopener\">Vereins-Satzung<\/a><\/p>\n<p>Der Verein ist wegen der F\u00f6rderung des Naturschutzes und der Landschaftpflege nach dem letzten uns zugegangenen Freistellungsbescheid des Finanzamts Brandenburg, Steuernummer. 050\/142\/03676 vom 12.07.2010 als gemeinn\u00fctziger Verein anerkannt.<\/p>\n","protected":false},"excerpt":{"rendered":"<p>Unsere Ziele im Sinne der Vereinssatzung Ziel ist der Erhalt des Sees f\u00fcr die Allgemeinheit, d.h. Sicherung des Caputher Sees und der Wege um den See als \u00f6ffentliches Eigentum. Wir wollen jede Art von Privatisierung der zug\u00e4nglichen Bereiche und der Seefl\u00e4che verhindern Der Verein setzt sich f\u00fcr eine Verbesserung der Wasserqualit\u00e4t des Caputher Sees ein. [&hellip;]<\/p>\n","protected":false},"author":1,"featured_media":0,"parent":0,"menu_order":0,"comment_status":"closed","ping_status":"closed","template":"","meta":{"footnotes":""},"class_list":["post-6","page","type-page","status-publish","hentry"],"_links":{"self":[{"href":"http:\/\/caputhersee.de\/content\/wp-json\/wp\/v2\/pages\/6","targetHints":{"allow":["GET"]}}],"collection":[{"href":"http:\/\/caputhersee.de\/content\/wp-json\/wp\/v2\/pages"}],"about":[{"href":"http:\/\/caputhersee.de\/content\/wp-json\/wp\/v2\/types\/page"}],"author":[{"embeddable":true,"href":"http:\/\/caputhersee.de\/content\/wp-json\/wp\/v2\/users\/1"}],"replies":[{"embeddable":true,"href":"http:\/\/caputhersee.de\/content\/wp-json\/wp\/v2\/comments?post=6"}],"version-history":[{"count":10,"href":"http:\/\/caputhersee.de\/content\/wp-json\/wp\/v2\/pages\/6\/revisions"}],"predecessor-version":[{"id":528,"href":"http:\/\/caputhersee.de\/content\/wp-json\/wp\/v2\/pages\/6\/revisions\/528"}],"wp:attachment":[{"href":"http:\/\/caputhersee.de\/content\/wp-json\/wp\/v2\/media?parent=6"}],"curies":[{"name":"wp","href":"https:\/\/api.w.org\/{rel}","templated":true}]}}