{"id":8,"date":"2015-12-30T10:34:25","date_gmt":"2015-12-30T09:34:25","guid":{"rendered":"http:\/\/caputhersee.de\/content\/?page_id=8"},"modified":"2026-04-28T12:31:40","modified_gmt":"2026-04-28T11:31:40","slug":"der-caputher-see","status":"publish","type":"page","link":"http:\/\/caputhersee.de\/content\/","title":{"rendered":"Der Caputher See"},"content":{"rendered":"<h1>Frischer Havelwind f\u00fcr den Caputher See<\/h1>\n<p>Am 23. April wurde unser F\u00f6rdermittelantrag an den <a href=\"https:\/\/havelwind.de\">Havelwind e. V.<\/a> bewilligt. Nun k\u00f6nnen wir stabile Stellnetze und einige andere entscheidende Dinge f\u00fcr das Abfischprojekt finanzieren, <a href=\"https:\/\/havelwind.de\/projekte\">Havelwind<\/a> sei Dank! Wir hoffen sehr, dass es mit dem geplanten gro\u00dfen Einsatz an Netzen, Booten und helfenden H\u00e4nden im kommenden Winter gelingt, einen entscheidenden Teil der viel zu vielen Silber- und Marmorkarpfen zu entnehmen. Das w\u00e4re ein wichtiger Schritt, um die\u00a0 gest\u00f6rte \u00d6kologie des Sees wieder ins Lot zu bringen. Was dem Verein jetzt noch fehlt, ist ein gr\u00f6\u00dferes, stabiles Fischerboot. Ideen hierzu sind h\u00f6chst willkommen.<\/p>\n<p>&nbsp;<\/p>\n<h1><strong>Die \u00c4rmel hochgekrempelt: Mitgliederversammlung des Caputher See e. V. am 27. M\u00e4rz 2026<\/strong><\/h1>\n<p>Bei der Mitgliederversammlung Ende M\u00e4rz zeigte sich, dass gro\u00dfes Interesse am Zustand des Sees besteht. Zur Sprache kamen Themen wie Biotop- und Uferschutz und der Wasserstand. Das aktuelle, konkrete Projekt des Vereins ist eine neue, gro\u00df angelegte Abfischaktion. Dabei geht es um in den 1980er Jahren hier eingesetzte, in S\u00fcdostasien heimische Silber- und Marmorkarpfen, die noch immer in gewaltiger Zahl im See leben. Wie <a href=\"http:\/\/caputhersee.de\/content\/untersuchungen\/\" target=\"_blank\" rel=\"noopener\">Untersuchungen<\/a> seit Jahrzehnten zeigen, st\u00f6ren sie dessen Artenzusammensetzung und \u00d6kologie massiv. Ein F\u00f6rdermittelantrag f\u00fcr die Finanzierung der Ma\u00dfnahme an den <a href=\"https:\/\/havelwind.de\/\" target=\"_blank\" rel=\"noopener\">Havelwind e.\u00a0V.<\/a> ist in Vorbereitung und wird zum 12.\u00a0April eingereicht werden.<\/p>\n<p>Bei der Versammlung wurden zehn neue Mitglieder aufgenommen, die aktuelle Mitgliederzahl betr\u00e4gt 21. Mehr als 15 Jahre nach Vereinsgr\u00fcndung wurde bei der Sitzung ein neuer Vorstand gew\u00e4hlt. An dieser Stelle sei dem scheidenden Vorstandmitglied Frank Pl\u00fccken noch einmal f\u00fcr seine fantastische, nimmerm\u00fcde T\u00e4tigkeit gedankt! In den Vorstand gew\u00e4hlt wurden Brunhild Glockemann, erste Vorsitzende, Matthias Pl\u00f6chl, zweiter Vorsitzender, Carola Schade, bisherige und neue Schatzmeisterin. Die Betreuung der Webseite \u00fcbernimmt k\u00fcnftig Roland Neuber.<\/p>\n<p>&nbsp;<\/p>\n<h1>Nach langer Pause mal wieder zum aktuellen Stand 2025:<\/h1>\n<p>Kurzer R\u00fcckblick 2024: Wir hatten ein sehr konstruktives und sch\u00f6nes Joint Venture mit der Klimainitiative Schwielowsee und einigen Caputher Seefreunden sowie der Uni Postsdam. Neben guten Gespr\u00e4chen und Exkursionen inklusive Treffen mit dem ehemaligen Brandenburgischen Umweltminister Axel Vogel am See,\u00a0 sind zwei Highlights hervor zu heben. Einmal ist es gelungen, den Wasserstand des Caputher See`s zu verbessern, was vielf\u00e4ltige positive Folgewirkungen haben wird s. dazu hier: https:\/\/klima-schwielowsee.de\/category\/naturschutz\/ .<\/p>\n<p>Zum Zweiten ist einem Redaktions- und Rechercheteam um Brunhild Glockemann, Ernst Huenges und Wilhelm Neikes eine erstklassige Zusammenstellung von Geschichten und Fakten zum Caputher See in einer Brosch\u00fcre gelungen, was ein altes Ziel des Caputher See e.V. war, s. hier: http:\/\/caputhersee.de\/content\/wp-content\/uploads\/2025\/02\/broschuere_271124.pdf .<\/p>\n<p>Beate Gall m\u00f6chte ich hier nennen, die die Verbindung zur Uni Potsdam f\u00fcr den Caputher See wieder aktiviert hat. Neben Beates Engagement f\u00fcr den Moorschutz ist der Caputher See nunmehr auch wieder Outdoor-Ausbildungsst\u00e4tte f\u00fcr Studenten, die am und im See Messungen durchf\u00fchren. Aktuell entsteht eine aktuelle Tiefenkarte des Sees. Wir werden berichten.<\/p>\n<p>Luftaufnahmen aus 2024 belegen leider einen immer noch viel zu hohen Bestand an Silber- und Marmorkarpfen im See. Wenn man das was an Fischen auf einem Teilausschnitt ausgez\u00e4hlt werden kann auf die 50 ha Gesamtseefl\u00e4che hochrechnet, d\u00fcrfen wir immer noch mit 5000 der mittlerweile \u00fcber 30 Jahre alten und im Schnitt zehn Kilogramm schweren Zooplanktonfiltrierer rechnen. Wir \u00fcberlegen leider immer wieder neu, wie wir die bisherigen sehr aufwendigen Stellnetzfischkapagnen mit dem Fischer mit anderen Methoden toppen k\u00f6nnen. Ein F\u00f6rdermittelantrag ist vorbereitet. Wir werden zum Fortgang berichten.<\/p>\n<p>Die Natur rings um den See hat nach wie vor einiges zu bieten. Der Biber hat mittlerweile eine neue Burg errichtet, im Sommer ist der Eisvogel regelm\u00e4\u00dfig am See zu sehen, Fisch- und Seeadler holen sich ihre Beute. Ein Kranichpaar br\u00fctet am See. Und viele, viele andere Arten, die besonders in den Uferzonen ab dem Fr\u00fchjahr ihre Fortpflanzungs- und Ruhest\u00e4tten haben. Daran sollte jeder denken, der auf dem See unterwegs ist und z.B. die Seerosen- und Schilfbest\u00e4nde in Ruhe lassen.\u00a0 Die s\u00fcdlichen zwei Drittel des Sees sind \u00fcbrigens Teil des Naturschutzgebiets &#8220; Lienewitz-Caputher Feucht- und Seengebietskette&#8220;, Infos dazu s. hier: https:\/\/bravors.brandenburg.de\/de\/verordnungen-211963 .<\/p>\n<p>Wir w\u00fcnschen allen Caputher Seefreunden eine sch\u00f6ne Saison 2025. Wir k\u00fcmmern uns gemeinsam weiter.<\/p>\n<h1>2022: Masterarbeit \u00fcber die Sedimentbeschaffenheit des Caputher See`s<\/h1>\n<p>Die Geographin Anna Heller aus Caputh hat ihre Masterarbeit &#8222;Caputher See<br \/>\nGew\u00e4sserzustand und Erarbeitung eines Therapiekonzeptes \u2013 Erg\u00e4nzung einer Forschungsreihe durch Sedimentsondierungen und -untersuchungen&#8220; im Fr\u00fchjahr dieses Jahres fertig gestellt. Der Verein hatte im Vorfeld ein wenig vermittelt und Anna Heller mit dem gew\u00e4sser\u00f6kologischen B\u00fcro Limplan zusammengebracht, das bereits seit mehreren Jahren N\u00e4hrstoffuntersuchungen im Caputher See durchf\u00fchrt s. auch unter Untersuchungen. Das B\u00fcro unterst\u00fctzte die junge Geographin u.a. bei der f\u00fcr ihre Forschungen erforderlichen Sedimentbeprobungen im Caputher See. Die Ergebnisse der Arbeit bringen ein neues Licht in die bisher angenommenen N\u00e4hrstoffprobleme des Sees und zeigen m\u00f6gliche L\u00f6sungswege f\u00fcr eine Seesanierung auf. Der Verein wird unterst\u00fctzt von Anna Heller mit der Gemeinde in Gespr\u00e4che gehen. Im Raum steht das Erfordernis einer hydrologischen Machbarkeitstudie sowie die Abkl\u00e4rung erforderlicher Genehmigungen. Wir werden weiter berichten. Zu den Details der Masterarbeit s. <a href=\"http:\/\/caputhersee.de\/content\/wp-content\/uploads\/2022\/07\/Masterarbeit-Anna-Heller.pdf\" target=\"_blank\" rel=\"noopener\">Masterarbeit Anna Heller<\/a><\/p>\n<p>&nbsp;<\/p>\n<h1>Caputhersee e.V. 2010 bis 2020<\/h1>\n<p>Eine Beschreibung des Stands der Dinge betreffend den Caputhersee e.V. nach 10 Jahren T\u00e4tigkeit hatten wir in der Oktoberausgabe des Havelboote 2020 ver\u00f6ffentlicht. Dort sind nochmal die wichtigsten Infos zusammengestellt, s. unter Artikel. Auch 2021 waren wir nicht unt\u00e4tig. Besonders interessant ist eine neue Untersuchung zur Sedimentbeschaffenheit des Sees, die wir in K\u00fcrze hier vorstellen. Die Abfischungen werden weiter gehen. Mit Ruhe und Best\u00e4ndigkeit gehts in 12te Jahr Caputhersee e.V..<\/p>\n<h1><\/h1>\n<h1>Der Caputher See<\/h1>\n<h2>Naturoase und Erholungsraum zum Durchatmen. Aber dem See geht die Puste aus.<\/h2>\n<h4><a title=\"Caputher See\" href=\"http:\/\/caputhersee.de\/content\/a-bilder\/large_018.jpg\" rel=\"lightbox\"><img decoding=\"async\" class=\"img\" src=\"http:\/\/caputhersee.de\/content\/a-bilder\/thumb_018.jpg\" alt=\"Caputher See\" \/><\/a><\/h4>\n<h3>Der Caputher See e.V. &#8211;<\/h3>\n<h3>ein 2010 gegr\u00fcndeter Verein m\u00f6chte K(k)larsee(n)<\/h3>\n<ul>\n<li>\n<h4>ins Wasser mit 1,20 Meter Sichttiefe<\/h4>\n<\/li>\n<li>\n<h4>wie Natur- und Gew\u00e4sserschutz nachhaltig mit sanfter Erholungsnutzung zusammengehen<\/h4>\n<\/li>\n<li>\n<h4>dass der See f\u00fcr die Allgemeinheit dauerhaft gesichert ist<\/h4>\n<\/li>\n<li>\n<h4>bez\u00fcglich des \u00f6kologischen Zustands des Sees und erforderlicher Schutzma\u00dfnahmen<\/h4>\n<\/li>\n<\/ul>\n<h4><a title=\"Caputher See\" href=\"http:\/\/caputhersee.de\/content\/a-bilder\/large_006.jpg\" rel=\"lightbox\"><img decoding=\"async\" class=\"img\" src=\"http:\/\/caputhersee.de\/content\/a-bilder\/thumb_006.jpg\" alt=\"Caputher See\" \/><\/a> <a title=\"Caputher See\" href=\"http:\/\/caputhersee.de\/content\/a-bilder\/large_019.jpg\" rel=\"lightbox\"><img decoding=\"async\" class=\"img\" src=\"http:\/\/caputhersee.de\/content\/a-bilder\/thumb_019.jpg\" alt=\"Caputher See\" \/><\/a> <a title=\"Caputher See\" href=\"http:\/\/caputhersee.de\/content\/a-bilder\/large_012.jpg\" rel=\"lightbox\"><img decoding=\"async\" class=\"img\" src=\"http:\/\/caputhersee.de\/content\/a-bilder\/thumb_012.jpg\" alt=\"Caputher See\" \/><\/a><\/h4>\n<h4>Eckdaten:<\/h4>\n<h4>Fl\u00e4che: 49,6 ha<br \/>\nmax. L\u00e4nge: 1180 m<br \/>\nmax. Breite: 770 m<br \/>\nmaximale Tiefe: ~ 9 m<br \/>\nmittlere Tiefe: 3,10 m<br \/>\nH\u00f6he \u00fcber NN: 30,6 m<br \/>\nVolumen: 1,5 Mio m3<\/h4>\n","protected":false},"excerpt":{"rendered":"<p>Frischer Havelwind f\u00fcr den Caputher See Am 23. April wurde unser F\u00f6rdermittelantrag an den Havelwind e. V. bewilligt. Nun k\u00f6nnen wir stabile Stellnetze und einige andere entscheidende Dinge f\u00fcr das Abfischprojekt finanzieren, Havelwind sei Dank! Wir hoffen sehr, dass es mit dem geplanten gro\u00dfen Einsatz an Netzen, Booten und helfenden H\u00e4nden im kommenden Winter gelingt, [&hellip;]<\/p>\n","protected":false},"author":1,"featured_media":0,"parent":0,"menu_order":0,"comment_status":"closed","ping_status":"closed","template":"","meta":{"footnotes":""},"class_list":["post-8","page","type-page","status-publish","hentry"],"_links":{"self":[{"href":"http:\/\/caputhersee.de\/content\/wp-json\/wp\/v2\/pages\/8","targetHints":{"allow":["GET"]}}],"collection":[{"href":"http:\/\/caputhersee.de\/content\/wp-json\/wp\/v2\/pages"}],"about":[{"href":"http:\/\/caputhersee.de\/content\/wp-json\/wp\/v2\/types\/page"}],"author":[{"embeddable":true,"href":"http:\/\/caputhersee.de\/content\/wp-json\/wp\/v2\/users\/1"}],"replies":[{"embeddable":true,"href":"http:\/\/caputhersee.de\/content\/wp-json\/wp\/v2\/comments?post=8"}],"version-history":[{"count":60,"href":"http:\/\/caputhersee.de\/content\/wp-json\/wp\/v2\/pages\/8\/revisions"}],"predecessor-version":[{"id":543,"href":"http:\/\/caputhersee.de\/content\/wp-json\/wp\/v2\/pages\/8\/revisions\/543"}],"wp:attachment":[{"href":"http:\/\/caputhersee.de\/content\/wp-json\/wp\/v2\/media?parent=8"}],"curies":[{"name":"wp","href":"https:\/\/api.w.org\/{rel}","templated":true}]}}